{"id":5539,"date":"2024-10-03T15:21:01","date_gmt":"2024-10-03T12:21:01","guid":{"rendered":"https:\/\/perlapelitdeluxe.com\/?page_id=5539"},"modified":"2024-10-14T14:14:51","modified_gmt":"2024-10-14T11:14:51","slug":"proje-hakkinda","status":"publish","type":"page","link":"https:\/\/perlapelitdeluxe.com\/index.php\/proje-hakkinda\/","title":{"rendered":"Proje Hakk\u0131nda"},"content":{"rendered":"\t\t<div data-elementor-type=\"wp-page\" data-elementor-id=\"5539\" class=\"elementor elementor-5539\">\n\t\t\t\t\t\t\t        <section class=\"elementor-section elementor-top-section elementor-element elementor-element-2f0816a0 elementor-section-boxed elementor-section-height-default elementor-section-height-default ct-header-fixed-none ct-row-max-none\" data-id=\"2f0816a0\" data-element_type=\"section\">\n            \n                        <div class=\"elementor-container elementor-column-gap-extended \">\n                    <div class=\"elementor-column elementor-col-100 elementor-top-column elementor-element elementor-element-168701db\" data-id=\"168701db\" data-element_type=\"column\">\n            <div class=\"elementor-widget-wrap elementor-element-populated\">\n                        \t\t<div class=\"elementor-element elementor-element-299e1b18 elementor-widget elementor-widget-ct_heading\" data-id=\"299e1b18\" data-element_type=\"widget\" data-widget_type=\"ct_heading.default\">\n\t\t\t\t<div class=\"elementor-widget-container\">\n\t\t\t<div id=\"ct_heading-299e1b18\" class=\"ct-heading h-align- sub- ct-heading-left item-st-line-left1\">\r\n\t<div class=\"ct-inline-css\"  data-css=\"\r\n        \">\r\n    <\/div>\r\n        <h3 class=\"item--title st-line-left1 case-animate-time\" data-wow-delay=\"ms\">\r\n                <span class=\"sp-main\">\r\n                            <i><\/i>\r\n            \r\n            Perla Pelit Deluxe: Do\u011fan\u0131n ve Konforun Bulu\u015fma Noktas\u0131\r\n            \r\n                    <\/span>\r\n            <\/h3>\r\n<\/div>\t\t<\/div>\n\t\t\t\t<\/div>\n\t\t        <section class=\"elementor-section elementor-inner-section elementor-element elementor-element-2b467993 elementor-section-boxed elementor-section-height-default elementor-section-height-default ct-header-fixed-none ct-row-max-none\" data-id=\"2b467993\" data-element_type=\"section\">\n            \n                        <div class=\"elementor-container elementor-column-gap-extended \">\n                    <div class=\"elementor-column elementor-col-100 elementor-inner-column elementor-element elementor-element-1f8b94be\" data-id=\"1f8b94be\" data-element_type=\"column\">\n            <div class=\"elementor-widget-wrap elementor-element-populated\">\n                        \t\t<div class=\"elementor-element elementor-element-f4e1fef elementor-widget elementor-widget-text-editor\" data-id=\"f4e1fef\" data-element_type=\"widget\" data-widget_type=\"text-editor.default\">\n\t\t\t\t<div class=\"elementor-widget-container\">\n\t\t\t<style>\/*! elementor - v3.13.3 - 28-05-2023 *\/\n.elementor-widget-text-editor.elementor-drop-cap-view-stacked .elementor-drop-cap{background-color:#69727d;color:#fff}.elementor-widget-text-editor.elementor-drop-cap-view-framed .elementor-drop-cap{color:#69727d;border:3px solid;background-color:transparent}.elementor-widget-text-editor:not(.elementor-drop-cap-view-default) .elementor-drop-cap{margin-top:8px}.elementor-widget-text-editor:not(.elementor-drop-cap-view-default) .elementor-drop-cap-letter{width:1em;height:1em}.elementor-widget-text-editor .elementor-drop-cap{float:left;text-align:center;line-height:1;font-size:50px}.elementor-widget-text-editor .elementor-drop-cap-letter{display:inline-block}<\/style>\t\t\t\t<p>Ayval\u0131k\u2019\u0131n en \u00f6zel k\u00f6ylerinden biri olan Pelitk\u00f6y\u2019de y\u00fckselen\u00a0<strong>Perla Pelit Deluxe<\/strong>, b\u00f6lgenin en b\u00fcy\u00fck ve en prestijli ya\u015fam projelerinden biridir.\u00a0<strong>Perla Pelit Deluxe<\/strong>, 56 \u015f\u0131k villa, 42 bah\u00e7e dubleksi ve 62 modern 2+1 daire ile e\u015fsiz bir ya\u015fam alan\u0131 sunuyor.<\/p><p>Do\u011fan\u0131n ye\u015fili ile denizin mavisinin birle\u015fiminde yer alan bu proje, sakin ve huzurlu bir ya\u015fam arayanlar i\u00e7in ideal bir adres. Projenin her k\u00f6\u015fesi, kaliteli malzemeler ve zarif tasar\u0131m\u0131yla konforlu bir ya\u015fam alan\u0131 sa\u011fl\u0131yor. Her villa, bah\u00e7e dubleksi ve daire, modern ya\u015fam\u0131n gereksinimlerini kar\u015f\u0131layacak \u015fekilde tasarland\u0131.<\/p><p><strong>Perla Pelit Deluxe<\/strong>, denizle i\u00e7 i\u00e7e olan konumu ve geni\u015f ye\u015fil alanlar\u0131 ile b\u00f6lgenin sundu\u011fu do\u011fal g\u00fczelliklerden en iyi \u015fekilde yararlanman\u0131z\u0131 sa\u011fl\u0131yor. Proje, hem yaz tatilinizi hem de kal\u0131c\u0131 ya\u015fam\u0131n\u0131z\u0131 daha keyifli hale getirecek imkanlar sunuyor.<\/p><p>\u0130ster ailenizle birlikte konforlu bir ya\u015fam alan\u0131 ar\u0131yor, ister tatil g\u00fcnlerinizi ge\u00e7irebilece\u011finiz ideal bir mekan ar\u0131yorsan\u0131z,\u00a0<strong>Perla Pelit Deluxe<\/strong>\u00a0size hayalinizdeki ya\u015fam\u0131 sunuyor.<\/p>\t\t\t\t\t\t<\/div>\n\t\t\t\t<\/div>\n\t\t\t\t<div class=\"elementor-element elementor-element-37eca3c8 elementor-widget elementor-widget-image\" data-id=\"37eca3c8\" data-element_type=\"widget\" data-widget_type=\"image.default\">\n\t\t\t\t<div class=\"elementor-widget-container\">\n\t\t\t<style>\/*! elementor - v3.13.3 - 28-05-2023 *\/\n.elementor-widget-image{text-align:center}.elementor-widget-image a{display:inline-block}.elementor-widget-image a img[src$=\".svg\"]{width:48px}.elementor-widget-image img{vertical-align:middle;display:inline-block}<\/style>\t\t\t\t\t\t\t\t\t\t\t\t<img decoding=\"async\" width=\"350\" height=\"1\" src=\"https:\/\/perlapelitdeluxe.com\/wp-content\/uploads\/2019\/12\/about-gap.png\" class=\"attachment-full size-full wp-image-1896\" alt=\"\" srcset=\"https:\/\/perlapelitdeluxe.com\/wp-content\/uploads\/2019\/12\/about-gap.png 350w, https:\/\/perlapelitdeluxe.com\/wp-content\/uploads\/2019\/12\/about-gap-300x1.png 300w, https:\/\/perlapelitdeluxe.com\/wp-content\/uploads\/2019\/12\/about-gap-250x1.png 250w, https:\/\/perlapelitdeluxe.com\/wp-content\/uploads\/2019\/12\/about-gap-150x1.png 150w\" sizes=\"(max-width: 350px) 100vw, 350px\" \/>\t\t\t\t\t\t\t\t\t\t\t\t\t\t\t<\/div>\n\t\t\t\t<\/div>\n\t\t            <\/div>\n        <\/div>\n                            <\/div>\n        <\/section>\n                    <\/div>\n        <\/div>\n                            <\/div>\n        <\/section>\n                <section class=\"elementor-section elementor-top-section elementor-element elementor-element-3b5644db elementor-section-boxed elementor-section-height-default elementor-section-height-default ct-header-fixed-none ct-row-max-none\" data-id=\"3b5644db\" data-element_type=\"section\">\n            \n                        <div class=\"elementor-container elementor-column-gap-default \">\n                    <div class=\"elementor-column elementor-col-100 elementor-top-column elementor-element elementor-element-5828782e\" data-id=\"5828782e\" data-element_type=\"column\">\n            <div class=\"elementor-widget-wrap\">\n                                    <\/div>\n        <\/div>\n                            <\/div>\n        <\/section>\n        \t\t\t\t\t<\/div>\n\t\t","protected":false},"excerpt":{"rendered":"<p>Perla Pelit Deluxe: Do\u011fan\u0131n ve Konforun Bulu\u015fma Noktas\u0131 Ayval\u0131k\u2019\u0131n en \u00f6zel k\u00f6ylerinden biri olan Pelitk\u00f6y\u2019de y\u00fckselen\u00a0Perla Pelit Deluxe, b\u00f6lgenin en b\u00fcy\u00fck ve en prestijli ya\u015fam projelerinden biridir.\u00a0Perla Pelit Deluxe, 56 \u015f\u0131k villa, 42 bah\u00e7e dubleksi ve 62 modern 2+1 daire ile e\u015fsiz bir ya\u015fam alan\u0131 sunuyor. Do\u011fan\u0131n ye\u015fili ile denizin mavisinin birle\u015fiminde yer alan bu [&hellip;]<\/p>\n","protected":false},"author":1,"featured_media":0,"parent":0,"menu_order":0,"comment_status":"closed","ping_status":"closed","template":"","meta":{"_joinchat":[],"footnotes":""},"class_list":["post-5539","page","type-page","status-publish","hentry"],"_links":{"self":[{"href":"https:\/\/perlapelitdeluxe.com\/index.php\/wp-json\/wp\/v2\/pages\/5539","targetHints":{"allow":["GET"]}}],"collection":[{"href":"https:\/\/perlapelitdeluxe.com\/index.php\/wp-json\/wp\/v2\/pages"}],"about":[{"href":"https:\/\/perlapelitdeluxe.com\/index.php\/wp-json\/wp\/v2\/types\/page"}],"author":[{"embeddable":true,"href":"https:\/\/perlapelitdeluxe.com\/index.php\/wp-json\/wp\/v2\/users\/1"}],"replies":[{"embeddable":true,"href":"https:\/\/perlapelitdeluxe.com\/index.php\/wp-json\/wp\/v2\/comments?post=5539"}],"version-history":[{"count":4,"href":"https:\/\/perlapelitdeluxe.com\/index.php\/wp-json\/wp\/v2\/pages\/5539\/revisions"}],"predecessor-version":[{"id":5544,"href":"https:\/\/perlapelitdeluxe.com\/index.php\/wp-json\/wp\/v2\/pages\/5539\/revisions\/5544"}],"wp:attachment":[{"href":"https:\/\/perlapelitdeluxe.com\/index.php\/wp-json\/wp\/v2\/media?parent=5539"}],"curies":[{"name":"wp","href":"https:\/\/api.w.org\/{rel}","templated":true}]}}