{"id":4357,"date":"2020-03-27T02:50:54","date_gmt":"2020-03-27T02:50:54","guid":{"rendered":"https:\/\/demo.casethemes.net\/consultio-business2\/?page_id=4357"},"modified":"2025-03-08T13:27:20","modified_gmt":"2025-03-08T10:27:20","slug":"konuttipleri","status":"publish","type":"page","link":"https:\/\/perlapelitdeluxe.com\/index.php\/konuttipleri\/","title":{"rendered":"Konut Tipleri"},"content":{"rendered":"\t\t<div data-elementor-type=\"wp-page\" data-elementor-id=\"4357\" class=\"elementor elementor-4357\">\n\t\t\t\t\t\t\t        <section class=\"elementor-section elementor-top-section elementor-element elementor-element-3a25e46c elementor-section-content-middle elementor-section-boxed elementor-section-height-default elementor-section-height-default ct-header-fixed-none ct-row-max-none\" data-id=\"3a25e46c\" data-element_type=\"section\">\n            \n                        <div class=\"elementor-container elementor-column-gap-extended \">\n                    <div class=\"elementor-column elementor-col-50 elementor-top-column elementor-element elementor-element-17ca4b39\" data-id=\"17ca4b39\" data-element_type=\"column\">\n            <div class=\"elementor-widget-wrap elementor-element-populated\">\n                        \t\t<div class=\"elementor-element elementor-element-1d2e5174 elementor-widget elementor-widget-ct_heading\" data-id=\"1d2e5174\" data-element_type=\"widget\" data-widget_type=\"ct_heading.default\">\n\t\t\t\t<div class=\"elementor-widget-container\">\n\t\t\t<div id=\"ct_heading-1d2e5174\" class=\"ct-heading h-align- sub- ct-heading-left item-st-line-left1\">\r\n\t<div class=\"ct-inline-css\"  data-css=\"\r\n        \">\r\n    <\/div>\r\n        <h3 class=\"item--title st-line-left1 case-animate-time\" data-wow-delay=\"ms\">\r\n                <span class=\"sp-main\">\r\n                            <i><\/i>\r\n            \r\n            T\u00fcm\u00fc Deniz Manzaral\u0131 L\u00fcks ve Konforun Bulu\u015ftu\u011fu Se\u00e7enekler\r\n            \r\n                    <\/span>\r\n            <\/h3>\r\n<\/div>\t\t<\/div>\n\t\t\t\t<\/div>\n\t\t            <\/div>\n        <\/div>\n                <div class=\"elementor-column elementor-col-50 elementor-top-column elementor-element elementor-element-752fb011\" data-id=\"752fb011\" data-element_type=\"column\">\n            <div class=\"elementor-widget-wrap elementor-element-populated\">\n                        \t\t<div class=\"elementor-element elementor-element-1de1c123 elementor-widget elementor-widget-text-editor\" data-id=\"1de1c123\" data-element_type=\"widget\" data-widget_type=\"text-editor.default\">\n\t\t\t\t<div class=\"elementor-widget-container\">\n\t\t\t<style>\/*! elementor - v3.13.3 - 28-05-2023 *\/\n.elementor-widget-text-editor.elementor-drop-cap-view-stacked .elementor-drop-cap{background-color:#69727d;color:#fff}.elementor-widget-text-editor.elementor-drop-cap-view-framed .elementor-drop-cap{color:#69727d;border:3px solid;background-color:transparent}.elementor-widget-text-editor:not(.elementor-drop-cap-view-default) .elementor-drop-cap{margin-top:8px}.elementor-widget-text-editor:not(.elementor-drop-cap-view-default) .elementor-drop-cap-letter{width:1em;height:1em}.elementor-widget-text-editor .elementor-drop-cap{float:left;text-align:center;line-height:1;font-size:50px}.elementor-widget-text-editor .elementor-drop-cap-letter{display:inline-block}<\/style>\t\t\t\t<p>56 villa, 42 bah\u00e7e dubleksi ve 62 adet 2+1 daireden olu\u015fan Perla Pelit Deluxe \u00e7e\u015fitli konut tipleriyle farkl\u0131 tercihlere hitap ederek geni\u015f bir se\u00e7enek sunar. Bu \u00e7e\u015fitlilik, bireysel ihtiya\u00e7lar\u0131n\u0131za ve ya\u015fam tarz\u0131n\u0131za en uygun olan konutu se\u00e7me \u00f6zg\u00fcrl\u00fc\u011f\u00fc sa\u011flar.<\/p>\t\t\t\t\t\t<\/div>\n\t\t\t\t<\/div>\n\t\t            <\/div>\n        <\/div>\n                            <\/div>\n        <\/section>\n                <section class=\"elementor-section elementor-top-section elementor-element elementor-element-3bf20ad elementor-section-boxed elementor-section-height-default elementor-section-height-default ct-header-fixed-none ct-row-max-none\" data-id=\"3bf20ad\" data-element_type=\"section\">\n            \n                        <div class=\"elementor-container elementor-column-gap-default \">\n                    <div class=\"elementor-column elementor-col-33 elementor-top-column elementor-element elementor-element-a5e51f7\" data-id=\"a5e51f7\" data-element_type=\"column\">\n            <div class=\"elementor-widget-wrap elementor-element-populated\">\n                        \t\t<div class=\"elementor-element elementor-element-9c36d62 e-transform elementor-invisible elementor-widget elementor-widget-image\" data-id=\"9c36d62\" data-element_type=\"widget\" data-settings=\"{&quot;_animation&quot;:&quot;fadeIn&quot;,&quot;_transform_rotateZ_effect&quot;:{&quot;unit&quot;:&quot;px&quot;,&quot;size&quot;:&quot;&quot;,&quot;sizes&quot;:[]},&quot;_transform_rotateZ_effect_tablet&quot;:{&quot;unit&quot;:&quot;deg&quot;,&quot;size&quot;:&quot;&quot;,&quot;sizes&quot;:[]},&quot;_transform_rotateZ_effect_mobile&quot;:{&quot;unit&quot;:&quot;deg&quot;,&quot;size&quot;:&quot;&quot;,&quot;sizes&quot;:[]}}\" data-widget_type=\"image.default\">\n\t\t\t\t<div class=\"elementor-widget-container\">\n\t\t\t<style>\/*! elementor - v3.13.3 - 28-05-2023 *\/\n.elementor-widget-image{text-align:center}.elementor-widget-image a{display:inline-block}.elementor-widget-image a img[src$=\".svg\"]{width:48px}.elementor-widget-image img{vertical-align:middle;display:inline-block}<\/style>\t\t\t\t\t\t\t\t\t\t\t\t\t<a href=\"https:\/\/perlapelitdeluxe.com\/index.php\/portfolio\/2-1daire\/\">\n\t\t\t\t\t\t\t<img decoding=\"async\" width=\"600\" height=\"589\" src=\"https:\/\/perlapelitdeluxe.com\/wp-content\/uploads\/2025\/03\/21-Daire.webp\" class=\"elementor-animation-grow attachment-large size-large wp-image-5832\" alt=\"\" srcset=\"https:\/\/perlapelitdeluxe.com\/wp-content\/uploads\/2025\/03\/21-Daire.webp 600w, https:\/\/perlapelitdeluxe.com\/wp-content\/uploads\/2025\/03\/21-Daire-300x295.webp 300w\" sizes=\"(max-width: 600px) 100vw, 600px\" \/>\t\t\t\t\t\t\t\t<\/a>\n\t\t\t\t\t\t\t\t\t\t\t\t\t\t\t<\/div>\n\t\t\t\t<\/div>\n\t\t            <\/div>\n        <\/div>\n                <div class=\"elementor-column elementor-col-33 elementor-top-column elementor-element elementor-element-b1497fa\" data-id=\"b1497fa\" data-element_type=\"column\">\n            <div class=\"elementor-widget-wrap elementor-element-populated\">\n                        \t\t<div class=\"elementor-element elementor-element-f1e1f65 e-transform elementor-invisible elementor-widget elementor-widget-image\" data-id=\"f1e1f65\" data-element_type=\"widget\" data-settings=\"{&quot;_animation&quot;:&quot;fadeIn&quot;,&quot;_transform_rotateZ_effect&quot;:{&quot;unit&quot;:&quot;px&quot;,&quot;size&quot;:&quot;&quot;,&quot;sizes&quot;:[]},&quot;_transform_rotateZ_effect_tablet&quot;:{&quot;unit&quot;:&quot;deg&quot;,&quot;size&quot;:&quot;&quot;,&quot;sizes&quot;:[]},&quot;_transform_rotateZ_effect_mobile&quot;:{&quot;unit&quot;:&quot;deg&quot;,&quot;size&quot;:&quot;&quot;,&quot;sizes&quot;:[]}}\" data-widget_type=\"image.default\">\n\t\t\t\t<div class=\"elementor-widget-container\">\n\t\t\t\t\t\t\t\t\t\t\t\t\t\t\t\t<a href=\"https:\/\/perlapelitdeluxe.com\/index.php\/portfolio\/bahcedublex\/\">\n\t\t\t\t\t\t\t<img decoding=\"async\" width=\"600\" height=\"589\" src=\"https:\/\/perlapelitdeluxe.com\/wp-content\/uploads\/2025\/03\/bahce-dubleksi-2.webp\" class=\"elementor-animation-grow attachment-large size-large wp-image-5842\" alt=\"\" srcset=\"https:\/\/perlapelitdeluxe.com\/wp-content\/uploads\/2025\/03\/bahce-dubleksi-2.webp 600w, https:\/\/perlapelitdeluxe.com\/wp-content\/uploads\/2025\/03\/bahce-dubleksi-2-300x295.webp 300w\" sizes=\"(max-width: 600px) 100vw, 600px\" \/>\t\t\t\t\t\t\t\t<\/a>\n\t\t\t\t\t\t\t\t\t\t\t\t\t\t\t<\/div>\n\t\t\t\t<\/div>\n\t\t            <\/div>\n        <\/div>\n                <div class=\"elementor-column elementor-col-33 elementor-top-column elementor-element elementor-element-1dfad7d\" data-id=\"1dfad7d\" data-element_type=\"column\">\n            <div class=\"elementor-widget-wrap elementor-element-populated\">\n                        \t\t<div class=\"elementor-element elementor-element-60039f1 e-transform elementor-invisible elementor-widget elementor-widget-image\" data-id=\"60039f1\" data-element_type=\"widget\" data-settings=\"{&quot;_animation&quot;:&quot;fadeIn&quot;,&quot;_transform_rotateZ_effect&quot;:{&quot;unit&quot;:&quot;px&quot;,&quot;size&quot;:&quot;&quot;,&quot;sizes&quot;:[]},&quot;_transform_rotateZ_effect_tablet&quot;:{&quot;unit&quot;:&quot;deg&quot;,&quot;size&quot;:&quot;&quot;,&quot;sizes&quot;:[]},&quot;_transform_rotateZ_effect_mobile&quot;:{&quot;unit&quot;:&quot;deg&quot;,&quot;size&quot;:&quot;&quot;,&quot;sizes&quot;:[]}}\" data-widget_type=\"image.default\">\n\t\t\t\t<div class=\"elementor-widget-container\">\n\t\t\t\t\t\t\t\t\t\t\t\t\t\t\t\t<a href=\"https:\/\/perlapelitdeluxe.com\/index.php\/portfolio\/villla\/\">\n\t\t\t\t\t\t\t<img decoding=\"async\" width=\"600\" height=\"589\" src=\"https:\/\/perlapelitdeluxe.com\/wp-content\/uploads\/2025\/03\/ayvalik-villa.webp\" class=\"elementor-animation-grow attachment-large size-large wp-image-5849\" alt=\"\" srcset=\"https:\/\/perlapelitdeluxe.com\/wp-content\/uploads\/2025\/03\/ayvalik-villa.webp 600w, https:\/\/perlapelitdeluxe.com\/wp-content\/uploads\/2025\/03\/ayvalik-villa-300x295.webp 300w\" sizes=\"(max-width: 600px) 100vw, 600px\" \/>\t\t\t\t\t\t\t\t<\/a>\n\t\t\t\t\t\t\t\t\t\t\t\t\t\t\t<\/div>\n\t\t\t\t<\/div>\n\t\t            <\/div>\n        <\/div>\n                            <\/div>\n        <\/section>\n                <section class=\"elementor-section elementor-top-section elementor-element elementor-element-f80fc37 elementor-section-boxed elementor-section-height-default elementor-section-height-default ct-header-fixed-none ct-row-max-none\" data-id=\"f80fc37\" data-element_type=\"section\">\n            \n                        <div class=\"elementor-container elementor-column-gap-default \">\n                    <div class=\"elementor-column elementor-col-100 elementor-top-column elementor-element elementor-element-97173bc\" data-id=\"97173bc\" data-element_type=\"column\">\n            <div class=\"elementor-widget-wrap\">\n                                    <\/div>\n        <\/div>\n                            <\/div>\n        <\/section>\n                <section class=\"elementor-section elementor-top-section elementor-element elementor-element-cba7179 elementor-section-boxed elementor-section-height-default elementor-section-height-default ct-header-fixed-none ct-row-max-none\" data-id=\"cba7179\" data-element_type=\"section\">\n            \n                        <div class=\"elementor-container elementor-column-gap-default \">\n                    <div class=\"elementor-column elementor-col-100 elementor-top-column elementor-element elementor-element-0f1f89c\" data-id=\"0f1f89c\" data-element_type=\"column\">\n            <div class=\"elementor-widget-wrap elementor-element-populated\">\n                                    <\/div>\n        <\/div>\n                            <\/div>\n        <\/section>\n        \t\t\t\t\t<\/div>\n\t\t","protected":false},"excerpt":{"rendered":"<p>T\u00fcm\u00fc Deniz Manzaral\u0131 L\u00fcks ve Konforun Bulu\u015ftu\u011fu Se\u00e7enekler 56 villa, 42 bah\u00e7e dubleksi ve 62 adet 2+1 daireden olu\u015fan Perla Pelit Deluxe \u00e7e\u015fitli konut tipleriyle farkl\u0131 tercihlere hitap ederek geni\u015f bir se\u00e7enek sunar. Bu \u00e7e\u015fitlilik, bireysel ihtiya\u00e7lar\u0131n\u0131za ve ya\u015fam tarz\u0131n\u0131za en uygun olan konutu se\u00e7me \u00f6zg\u00fcrl\u00fc\u011f\u00fc sa\u011flar.<\/p>\n","protected":false},"author":1,"featured_media":0,"parent":0,"menu_order":0,"comment_status":"closed","ping_status":"closed","template":"","meta":{"_joinchat":[],"footnotes":""},"class_list":["post-4357","page","type-page","status-publish","hentry"],"_links":{"self":[{"href":"https:\/\/perlapelitdeluxe.com\/index.php\/wp-json\/wp\/v2\/pages\/4357","targetHints":{"allow":["GET"]}}],"collection":[{"href":"https:\/\/perlapelitdeluxe.com\/index.php\/wp-json\/wp\/v2\/pages"}],"about":[{"href":"https:\/\/perlapelitdeluxe.com\/index.php\/wp-json\/wp\/v2\/types\/page"}],"author":[{"embeddable":true,"href":"https:\/\/perlapelitdeluxe.com\/index.php\/wp-json\/wp\/v2\/users\/1"}],"replies":[{"embeddable":true,"href":"https:\/\/perlapelitdeluxe.com\/index.php\/wp-json\/wp\/v2\/comments?post=4357"}],"version-history":[{"count":58,"href":"https:\/\/perlapelitdeluxe.com\/index.php\/wp-json\/wp\/v2\/pages\/4357\/revisions"}],"predecessor-version":[{"id":5986,"href":"https:\/\/perlapelitdeluxe.com\/index.php\/wp-json\/wp\/v2\/pages\/4357\/revisions\/5986"}],"wp:attachment":[{"href":"https:\/\/perlapelitdeluxe.com\/index.php\/wp-json\/wp\/v2\/media?parent=4357"}],"curies":[{"name":"wp","href":"https:\/\/api.w.org\/{rel}","templated":true}]}}