{"id":3495,"date":"2020-02-07T02:16:59","date_gmt":"2020-02-07T02:16:59","guid":{"rendered":"https:\/\/demo.casethemes.net\/consultio-business2\/?page_id=3495"},"modified":"2023-06-14T14:47:36","modified_gmt":"2023-06-14T11:47:36","slug":"katalog","status":"publish","type":"page","link":"https:\/\/perlapelitdeluxe.com\/index.php\/katalog\/","title":{"rendered":"Katalog"},"content":{"rendered":"\t\t<div data-elementor-type=\"wp-page\" data-elementor-id=\"3495\" class=\"elementor elementor-3495\">\n\t\t\t\t\t\t\t        <section class=\"elementor-section elementor-top-section elementor-element elementor-element-a4ee903 elementor-section-boxed elementor-section-height-default elementor-section-height-default ct-header-fixed-none ct-row-max-none\" data-id=\"a4ee903\" data-element_type=\"section\">\n            \n                        <div class=\"elementor-container elementor-column-gap-default \">\n                    <div class=\"elementor-column elementor-col-100 elementor-top-column elementor-element elementor-element-8351f6f\" data-id=\"8351f6f\" data-element_type=\"column\">\n            <div class=\"elementor-widget-wrap elementor-element-populated\">\n                                <section class=\"elementor-section elementor-inner-section elementor-element elementor-element-b931bb1 elementor-section-content-middle elementor-section-boxed elementor-section-height-default elementor-section-height-default ct-header-fixed-none ct-row-max-none\" data-id=\"b931bb1\" data-element_type=\"section\">\n            \n                        <div class=\"elementor-container elementor-column-gap-extended \">\n                    <div class=\"elementor-column elementor-col-50 elementor-inner-column elementor-element elementor-element-6844e09\" data-id=\"6844e09\" data-element_type=\"column\">\n            <div class=\"elementor-widget-wrap elementor-element-populated\">\n                        \t\t<div class=\"elementor-element elementor-element-512d7c5 elementor-widget elementor-widget-ct_heading\" data-id=\"512d7c5\" data-element_type=\"widget\" data-widget_type=\"ct_heading.default\">\n\t\t\t\t<div class=\"elementor-widget-container\">\n\t\t\t<div id=\"ct_heading-512d7c5\" class=\"ct-heading h-align-left sub-style1 ct-heading-left item-st-default\">\r\n\t<div class=\"ct-inline-css\"  data-css=\"\r\n        \">\r\n    <\/div>\r\n    \t\t<div class=\"item--sub-title style1 hide-line\">\r\n                        KATALOGUMUZU \u0130NCELEY\u0130N                                            <\/div>\r\n\t    <h3 class=\"item--title st-default case-animate-time\" data-wow-delay=\"ms\">\r\n                <span class=\"sp-main\">\r\n            \r\n            Her Noktada Kalite, Her Detayda \u0130hti\u015fam: <strong> Perla Pelit Deluxe<\/strong>\r\n            \r\n                    <\/span>\r\n            <\/h3>\r\n<\/div>\t\t<\/div>\n\t\t\t\t<\/div>\n\t\t            <\/div>\n        <\/div>\n                <div class=\"elementor-column elementor-col-50 elementor-inner-column elementor-element elementor-element-9a78b44\" data-id=\"9a78b44\" data-element_type=\"column\">\n            <div class=\"elementor-widget-wrap elementor-element-populated\">\n                        \t\t<div class=\"elementor-element elementor-element-b70c597 elementor-widget elementor-widget-ct_text_editor\" data-id=\"b70c597\" data-element_type=\"widget\" data-widget_type=\"ct_text_editor.default\">\n\t\t\t\t<div class=\"elementor-widget-container\">\n\t\t\t<div id=\"ct_text_editor-b70c597\" class=\"ct-text-editor \" data-wow-delay=\"ms\">\n\t<div class=\"ct-inline-css\"  data-css=\"\n        \t\t\">\n\n    <\/div>\n\t<div class=\"ct-text-editor elementor-clearfix\">\n\t\t<p>T\u00fcm detaylar\u0131 g\u00f6rebilece\u011finiz e\u015fsiz projemizin katalo\u011funa g\u00f6z at\u0131n!<\/p>\t\t\n\t<\/div>\n<\/div>\t\t<\/div>\n\t\t\t\t<\/div>\n\t\t            <\/div>\n        <\/div>\n                            <\/div>\n        <\/section>\n        \t\t<div class=\"elementor-element elementor-element-361d096 elementor-widget elementor-widget-text-editor\" data-id=\"361d096\" data-element_type=\"widget\" data-widget_type=\"text-editor.default\">\n\t\t\t\t<div class=\"elementor-widget-container\">\n\t\t\t<style>\/*! elementor - v3.13.3 - 28-05-2023 *\/\n.elementor-widget-text-editor.elementor-drop-cap-view-stacked .elementor-drop-cap{background-color:#69727d;color:#fff}.elementor-widget-text-editor.elementor-drop-cap-view-framed .elementor-drop-cap{color:#69727d;border:3px solid;background-color:transparent}.elementor-widget-text-editor:not(.elementor-drop-cap-view-default) .elementor-drop-cap{margin-top:8px}.elementor-widget-text-editor:not(.elementor-drop-cap-view-default) .elementor-drop-cap-letter{width:1em;height:1em}.elementor-widget-text-editor .elementor-drop-cap{float:left;text-align:center;line-height:1;font-size:50px}.elementor-widget-text-editor .elementor-drop-cap-letter{display:inline-block}<\/style>\t\t\t\t<div id=\"dflip_post_meta_box_shortcode\" class=\"postbox \"><div class=\"inside\"><div class=\"dflip-tabs normal-tabs\"><div id=\"dflip-tab-content-normal\" class=\"dflip-tab-content dflip-active\"><code><div class=\"_df_book df-lite\" id=\"df_5363\"  data-title=\"\" _slug=\"5363\" wpoptions=\"true\" thumbtype=\"bg\" ><p class=\"df-raw-loading\">Please wait while flipbook is loading. For more related info, FAQs and issues please refer to <a href=\"https:\/\/wordpress.org\/plugins\/3d-flipbook-dflip-lite\/#installation\">DearFlip WordPress Flipbook Plugin Help<\/a> documentation.<\/p><\/div><script class=\"df-shortcode-script\" type=\"application\/javascript\">window.option_df_5363 = {\"outline\":[],\"forceFit\":\"true\",\"autoEnableOutline\":\"false\",\"autoEnableThumbnail\":\"false\",\"overwritePDFOutline\":\"false\",\"backgroundImage\":\"https:\\\/\\\/perlapelitdeluxe.com\\\/wp-content\\\/uploads\\\/2023\\\/06\\\/arkaplanperlplet-scaled.jpg\",\"direction\":\"1\",\"pageSize\":\"0\",\"source\":\"https:\\\/\\\/perlapelitdeluxe.com\\\/wp-content\\\/uploads\\\/2023\\\/06\\\/Perla_Pelit_Catalog_04-1_compressed-1.pdf\",\"wpOptions\":\"true\"}; if(window.DFLIP && window.DFLIP.parseBooks){window.DFLIP.parseBooks();}<\/script><\/code><\/div><\/div><\/div><\/div><div id=\"submitdiv\" class=\"postbox \"><div class=\"postbox-header\"><div class=\"handle-actions hide-if-no-js\">\u00a0<\/div><\/div><\/div>\t\t\t\t\t\t<\/div>\n\t\t\t\t<\/div>\n\t\t            <\/div>\n        <\/div>\n                            <\/div>\n        <\/section>\n        \t\t\t\t\t<\/div>\n\t\t","protected":false},"excerpt":{"rendered":"<p>KATALOGUMUZU \u0130NCELEY\u0130N Her Noktada Kalite, Her Detayda \u0130hti\u015fam: Perla Pelit Deluxe T\u00fcm detaylar\u0131 g\u00f6rebilece\u011finiz e\u015fsiz projemizin katalo\u011funa g\u00f6z at\u0131n! \u00a0<\/p>\n","protected":false},"author":1,"featured_media":0,"parent":0,"menu_order":0,"comment_status":"closed","ping_status":"closed","template":"","meta":{"_joinchat":[],"footnotes":""},"class_list":["post-3495","page","type-page","status-publish","hentry"],"_links":{"self":[{"href":"https:\/\/perlapelitdeluxe.com\/index.php\/wp-json\/wp\/v2\/pages\/3495","targetHints":{"allow":["GET"]}}],"collection":[{"href":"https:\/\/perlapelitdeluxe.com\/index.php\/wp-json\/wp\/v2\/pages"}],"about":[{"href":"https:\/\/perlapelitdeluxe.com\/index.php\/wp-json\/wp\/v2\/types\/page"}],"author":[{"embeddable":true,"href":"https:\/\/perlapelitdeluxe.com\/index.php\/wp-json\/wp\/v2\/users\/1"}],"replies":[{"embeddable":true,"href":"https:\/\/perlapelitdeluxe.com\/index.php\/wp-json\/wp\/v2\/comments?post=3495"}],"version-history":[{"count":11,"href":"https:\/\/perlapelitdeluxe.com\/index.php\/wp-json\/wp\/v2\/pages\/3495\/revisions"}],"predecessor-version":[{"id":5621,"href":"https:\/\/perlapelitdeluxe.com\/index.php\/wp-json\/wp\/v2\/pages\/3495\/revisions\/5621"}],"wp:attachment":[{"href":"https:\/\/perlapelitdeluxe.com\/index.php\/wp-json\/wp\/v2\/media?parent=3495"}],"curies":[{"name":"wp","href":"https:\/\/api.w.org\/{rel}","templated":true}]}}