{"id":3493,"date":"2020-02-07T02:16:44","date_gmt":"2020-02-07T02:16:44","guid":{"rendered":"https:\/\/demo.casethemes.net\/consultio-business2\/?page_id=3493"},"modified":"2024-10-05T10:58:15","modified_gmt":"2024-10-05T07:58:15","slug":"kurumsal","status":"publish","type":"page","link":"https:\/\/perlapelitdeluxe.com\/index.php\/kurumsal\/","title":{"rendered":"Kurumsal"},"content":{"rendered":"\t\t<div data-elementor-type=\"wp-page\" data-elementor-id=\"3493\" class=\"elementor elementor-3493\">\n\t\t\t\t\t\t\t        <section class=\"elementor-section elementor-top-section elementor-element elementor-element-64fd72b8 elementor-section-boxed elementor-section-height-default elementor-section-height-default ct-header-fixed-none ct-row-max-none\" data-id=\"64fd72b8\" data-element_type=\"section\">\n            \n                        <div class=\"elementor-container elementor-column-gap-default \">\n                    <div class=\"elementor-column elementor-col-50 elementor-top-column elementor-element elementor-element-305603d7\" data-id=\"305603d7\" data-element_type=\"column\">\n            <div class=\"elementor-widget-wrap elementor-element-populated\">\n                        \t\t<div class=\"elementor-element elementor-element-9da93fe line-sub-preset2 elementor-widget elementor-widget-ct_heading\" data-id=\"9da93fe\" data-element_type=\"widget\" data-widget_type=\"ct_heading.default\">\n\t\t\t\t<div class=\"elementor-widget-container\">\n\t\t\t<div id=\"ct_heading-9da93fe\" class=\"ct-heading h-align- sub-style1 ct-heading-left item-st-default\">\r\n\t<div class=\"ct-inline-css\"  data-css=\"\r\n        \">\r\n    <\/div>\r\n    \t\t<div class=\"item--sub-title style1 show-line\">\r\n                        Biz Kimiz                                            <\/div>\r\n\t    <h3 class=\"item--title st-default wow wow bounce\" data-wow-delay=\"ms\">\r\n                <span class=\"sp-main\">\r\n            \r\n            40 Y\u0131ll\u0131k Tecr\u00fcbe\r\n            \r\n                    <\/span>\r\n            <\/h3>\r\n<\/div>\t\t<\/div>\n\t\t\t\t<\/div>\n\t\t\t\t<div class=\"elementor-element elementor-element-398fa9be wow fadeInUp elementor-widget elementor-widget-text-editor\" data-id=\"398fa9be\" data-element_type=\"widget\" data-widget_type=\"text-editor.default\">\n\t\t\t\t<div class=\"elementor-widget-container\">\n\t\t\t<style>\/*! elementor - v3.13.3 - 28-05-2023 *\/\n.elementor-widget-text-editor.elementor-drop-cap-view-stacked .elementor-drop-cap{background-color:#69727d;color:#fff}.elementor-widget-text-editor.elementor-drop-cap-view-framed .elementor-drop-cap{color:#69727d;border:3px solid;background-color:transparent}.elementor-widget-text-editor:not(.elementor-drop-cap-view-default) .elementor-drop-cap{margin-top:8px}.elementor-widget-text-editor:not(.elementor-drop-cap-view-default) .elementor-drop-cap-letter{width:1em;height:1em}.elementor-widget-text-editor .elementor-drop-cap{float:left;text-align:center;line-height:1;font-size:50px}.elementor-widget-text-editor .elementor-drop-cap-letter{display:inline-block}<\/style>\t\t\t\t<p>Gen\u00e7 Bayramo\u011flu 1983 y\u0131l\u0131nda T\u00fcrkiye de su tesisat\u0131, kalorifer ve seramik i\u015fleri ile in\u015faat sekt\u00f6r\u00fcne ad\u0131m atm\u0131\u015f ge\u00e7en y\u0131llar boyunca vermi\u015f oldu\u011fu hizmet kalitesi ve \u00e7al\u0131\u015fma \u015fekli ile m\u00fc\u015fteri portf\u00f6y\u00fcn\u00fc ve \u00fcr\u00fcn gam\u0131n\u0131 geni\u015fletmi\u015ftir. G\u00fcney Marmara b\u00f6lgesinde ve sekt\u00f6r i\u00e7inde hakl\u0131 bir yer edinmi\u015ftir.<\/p><p>2009 Y\u0131l\u0131nda m\u00fc\u015fterilerinden gelen talepler do\u011frultusunda haz\u0131r mutfak, banyo dolab\u0131 ve mobilya \u00fcretim tesisini faaliyete ge\u00e7irmi\u015ftir. Hizmet ve i\u015f kalitesi anlam\u0131nda bu sekt\u00f6rde de emin ad\u0131mlarla ilerlemektedir.<\/p><p>Showroomumuz ile y\u00f6netim ve planlama faaliyetlerini ayn\u0131 \u00e7at\u0131 alt\u0131nda toplayarak g\u00f6rsel ve sanal anlamda daha iyi hizmet vermeyi hedeflemektedir.<\/p><p>Y\u00fcksek kalite standartl\u0131 yap\u0131lar in\u015fa ederek, g\u00fcven adresi olmaya devam etmektedir. Modern mimari ile birlikte yap\u0131lar\u0131n b\u00fcy\u00fck uyum i\u00e7inde yer ald\u0131\u011f\u0131 \u0130n\u015faat Projeleri ile sekt\u00f6r\u00fcnde \u00e7\u0131tay\u0131 y\u00fckseltmi\u015ftir.<\/p><p>\u00d6zg\u00fcn ve konforlu projelerimiz, hem marka kimli\u011fimizi hem de finansal kimli\u011fimizi b\u00fcy\u00fcterek Bursa in\u015faat sekt\u00f6r\u00fcn\u00fcn geli\u015fmesine ve prestij kazanmas\u0131na katk\u0131 sa\u011flayan \u00f6nc\u00fc firmalardan biri olmaktan gurur duyuyoruz. \u00c7evreye, maviye, ye\u015file duyarl\u0131, gelecek nesilleri d\u00fc\u015f\u00fcnen, T\u00fcrkiye&#8217;ye de\u011fer katan projeler \u00fcretmeye devam edece\u011fiz.<\/p><p>Yat\u0131r\u0131m\u0131m\u0131z gelecek, amac\u0131m\u0131z modern ko\u015fullarda ya\u015fayan insan.\u00a0<\/p>\t\t\t\t\t\t<\/div>\n\t\t\t\t<\/div>\n\t\t\t\t<div class=\"elementor-element elementor-element-7db6461 elementor-widget elementor-widget-image\" data-id=\"7db6461\" data-element_type=\"widget\" data-widget_type=\"image.default\">\n\t\t\t\t<div class=\"elementor-widget-container\">\n\t\t\t<style>\/*! elementor - v3.13.3 - 28-05-2023 *\/\n.elementor-widget-image{text-align:center}.elementor-widget-image a{display:inline-block}.elementor-widget-image a img[src$=\".svg\"]{width:48px}.elementor-widget-image img{vertical-align:middle;display:inline-block}<\/style>\t\t\t\t\t\t\t\t\t\t\t\t\t<a href=\"https:\/\/gencbayramoglu.com\/\" target=\"_blank\">\n\t\t\t\t\t\t\t<img decoding=\"async\" width=\"640\" height=\"104\" src=\"https:\/\/perlapelitdeluxe.com\/wp-content\/uploads\/2023\/06\/yazisiyah-3-1-1024x166.png\" class=\"attachment-large size-large wp-image-5382\" alt=\"\" srcset=\"https:\/\/perlapelitdeluxe.com\/wp-content\/uploads\/2023\/06\/yazisiyah-3-1-1024x166.png 1024w, https:\/\/perlapelitdeluxe.com\/wp-content\/uploads\/2023\/06\/yazisiyah-3-1-300x49.png 300w, https:\/\/perlapelitdeluxe.com\/wp-content\/uploads\/2023\/06\/yazisiyah-3-1-768x125.png 768w, https:\/\/perlapelitdeluxe.com\/wp-content\/uploads\/2023\/06\/yazisiyah-3-1-1536x250.png 1536w, https:\/\/perlapelitdeluxe.com\/wp-content\/uploads\/2023\/06\/yazisiyah-3-1-600x98.png 600w, https:\/\/perlapelitdeluxe.com\/wp-content\/uploads\/2023\/06\/yazisiyah-3-1.png 1833w\" sizes=\"(max-width: 640px) 100vw, 640px\" \/>\t\t\t\t\t\t\t\t<\/a>\n\t\t\t\t\t\t\t\t\t\t\t\t\t\t\t<\/div>\n\t\t\t\t<\/div>\n\t\t\t\t<div class=\"elementor-element elementor-element-78f3a28d elementor-widget elementor-widget-image\" data-id=\"78f3a28d\" data-element_type=\"widget\" data-widget_type=\"image.default\">\n\t\t\t\t<div class=\"elementor-widget-container\">\n\t\t\t\t\t\t\t\t\t\t\t\t\t\t\t<img decoding=\"async\" width=\"350\" height=\"1\" src=\"https:\/\/perlapelitdeluxe.com\/wp-content\/uploads\/2019\/12\/about-gap.png\" class=\"attachment-full size-full wp-image-1896\" alt=\"\" srcset=\"https:\/\/perlapelitdeluxe.com\/wp-content\/uploads\/2019\/12\/about-gap.png 350w, https:\/\/perlapelitdeluxe.com\/wp-content\/uploads\/2019\/12\/about-gap-300x1.png 300w, https:\/\/perlapelitdeluxe.com\/wp-content\/uploads\/2019\/12\/about-gap-250x1.png 250w, https:\/\/perlapelitdeluxe.com\/wp-content\/uploads\/2019\/12\/about-gap-150x1.png 150w\" sizes=\"(max-width: 350px) 100vw, 350px\" \/>\t\t\t\t\t\t\t\t\t\t\t\t\t\t\t<\/div>\n\t\t\t\t<\/div>\n\t\t            <\/div>\n        <\/div>\n                <div class=\"elementor-column elementor-col-50 elementor-top-column elementor-element elementor-element-1bb8bef0\" data-id=\"1bb8bef0\" data-element_type=\"column\">\n            <div class=\"elementor-widget-wrap elementor-element-populated\">\n                        \t\t<div class=\"elementor-element elementor-element-40e6861c wow fadeInRight elementor-widget elementor-widget-ct_banner\" data-id=\"40e6861c\" data-element_type=\"widget\" data-widget_type=\"ct_banner.default\">\n\t\t\t\t<div class=\"elementor-widget-container\">\n\t\t\t<div class=\"ct-banner1 \" data-wow-delay=\"ms\">\r\n\t<div class=\"ct-banner-imge\">\r\n    \t<img decoding=\"async\" width=\"2560\" height=\"1440\" src=\"https:\/\/perlapelitdeluxe.com\/wp-content\/uploads\/2024\/10\/00_22-Foto-scaled.jpg\" class=\"attachment-full size-full wp-image-5589\" alt=\"\" srcset=\"https:\/\/perlapelitdeluxe.com\/wp-content\/uploads\/2024\/10\/00_22-Foto-scaled.jpg 2560w, https:\/\/perlapelitdeluxe.com\/wp-content\/uploads\/2024\/10\/00_22-Foto-300x169.jpg 300w, https:\/\/perlapelitdeluxe.com\/wp-content\/uploads\/2024\/10\/00_22-Foto-1024x576.jpg 1024w, https:\/\/perlapelitdeluxe.com\/wp-content\/uploads\/2024\/10\/00_22-Foto-768x432.jpg 768w, https:\/\/perlapelitdeluxe.com\/wp-content\/uploads\/2024\/10\/00_22-Foto-1536x864.jpg 1536w, https:\/\/perlapelitdeluxe.com\/wp-content\/uploads\/2024\/10\/00_22-Foto-2048x1152.jpg 2048w, https:\/\/perlapelitdeluxe.com\/wp-content\/uploads\/2024\/10\/00_22-Foto-600x338.jpg 600w\" sizes=\"(max-width: 2560px) 100vw, 2560px\" \/>        <h3 class=\"ct-banner-title\">1983&#039;ten Beri<\/h3>\r\n    <\/div>\r\n<\/div>\t\t<\/div>\n\t\t\t\t<\/div>\n\t\t            <\/div>\n        <\/div>\n                            <\/div>\n        <\/section>\n                <section class=\"elementor-section elementor-top-section elementor-element elementor-element-7044b92 elementor-section-stretched elementor-section-boxed elementor-section-height-default elementor-section-height-default ct-header-fixed-none ct-row-max-none\" data-id=\"7044b92\" data-element_type=\"section\" data-settings=\"{&quot;stretch_section&quot;:&quot;section-stretched&quot;,&quot;background_background&quot;:&quot;classic&quot;}\">\n                            <div class=\"elementor-background-overlay\"><\/div>\n                \n                        <div class=\"elementor-container elementor-column-gap-extended \">\n                    <div class=\"elementor-column elementor-col-50 elementor-top-column elementor-element elementor-element-43e18f3\" data-id=\"43e18f3\" data-element_type=\"column\">\n            <div class=\"elementor-widget-wrap elementor-element-populated\">\n                        \t\t<div class=\"elementor-element elementor-element-b570126 elementor-widget elementor-widget-ct_tabs\" data-id=\"b570126\" data-element_type=\"widget\" data-widget_type=\"ct_tabs.default\">\n\t\t\t\t<div class=\"elementor-widget-container\">\n\t\t\t            <div class=\"ct-tabs ct-tabs--layout2 type-vertical style1\">\n                <div class=\"ct-tabs-title\">\n                                            <span class=\"ct-tab-title active\" data-target=\"#ct_tabs-b570126-8303bab\"><span>Misyonumuz<\/span><\/span>\n                                            <span class=\"ct-tab-title\" data-target=\"#ct_tabs-b570126-bdab1d1\"><span>Vizyonumuz<\/span><\/span>\n                                    <\/div>\n\n                <div class=\"ct-tabs-content\">\n                                            <div class=\"ct-tab-content \" id=\"ct_tabs-b570126-8303bab\" style=\"display:block;\"><div class=\"tab-sub\">G\u00fcven, konfor ve modern yap\u0131n\u0131n bir b\u00fct\u00fcn oldu\u011fu huzuru imar etmek, \u00fcretti\u011fimiz her eserle i\u00e7inde ya\u015fad\u0131\u011f\u0131m\u0131z topluma kal\u0131c\u0131 de\u011ferler kat\u0131p g\u00fczel an\u0131lar b\u0131rakman\u0131z\u0131 sa\u011flamak<\/div><\/div>\n                                            <div class=\"ct-tab-content \" id=\"ct_tabs-b570126-bdab1d1\"><div class=\"tab-sub\">\u0130n\u015faat sekt\u00f6r\u00fcnde liderli\u011fi ve yenilik\u00e7ili\u011fi hedefleyen, kaliteli yap\u0131lar ve \u00f6zg\u00fcn projeler \u00fcreten bir marka olmak. M\u00fc\u015fterilerimize sadece konforlu ve modern ya\u015fam alanlar\u0131 sunmakla kalmay\u0131p, ayn\u0131 zamanda gelecek nesillerin ihtiya\u00e7lar\u0131n\u0131 g\u00f6zeterek \u00e7evre dostu projeler ger\u00e7ekle\u015ftirmek.<\/div><\/div>\n                                    <\/div>\n            <\/div>\n            \t\t<\/div>\n\t\t\t\t<\/div>\n\t\t            <\/div>\n        <\/div>\n                <div class=\"elementor-column elementor-col-50 elementor-top-column elementor-element elementor-element-c7ad8c1\" data-id=\"c7ad8c1\" data-element_type=\"column\">\n            <div class=\"elementor-widget-wrap\">\n                                    <\/div>\n        <\/div>\n                            <\/div>\n        <\/section>\n        \t\t\t\t\t<\/div>\n\t\t","protected":false},"excerpt":{"rendered":"<p>Biz Kimiz 40 Y\u0131ll\u0131k Tecr\u00fcbe Gen\u00e7 Bayramo\u011flu 1983 y\u0131l\u0131nda T\u00fcrkiye de su tesisat\u0131, kalorifer ve seramik i\u015fleri ile in\u015faat sekt\u00f6r\u00fcne ad\u0131m atm\u0131\u015f ge\u00e7en y\u0131llar boyunca vermi\u015f oldu\u011fu hizmet kalitesi ve \u00e7al\u0131\u015fma \u015fekli ile m\u00fc\u015fteri portf\u00f6y\u00fcn\u00fc ve \u00fcr\u00fcn gam\u0131n\u0131 geni\u015fletmi\u015ftir. G\u00fcney Marmara b\u00f6lgesinde ve sekt\u00f6r i\u00e7inde hakl\u0131 bir yer edinmi\u015ftir. 2009 Y\u0131l\u0131nda m\u00fc\u015fterilerinden gelen talepler do\u011frultusunda [&hellip;]<\/p>\n","protected":false},"author":1,"featured_media":0,"parent":0,"menu_order":0,"comment_status":"closed","ping_status":"closed","template":"","meta":{"_joinchat":[],"footnotes":""},"class_list":["post-3493","page","type-page","status-publish","hentry"],"_links":{"self":[{"href":"https:\/\/perlapelitdeluxe.com\/index.php\/wp-json\/wp\/v2\/pages\/3493","targetHints":{"allow":["GET"]}}],"collection":[{"href":"https:\/\/perlapelitdeluxe.com\/index.php\/wp-json\/wp\/v2\/pages"}],"about":[{"href":"https:\/\/perlapelitdeluxe.com\/index.php\/wp-json\/wp\/v2\/types\/page"}],"author":[{"embeddable":true,"href":"https:\/\/perlapelitdeluxe.com\/index.php\/wp-json\/wp\/v2\/users\/1"}],"replies":[{"embeddable":true,"href":"https:\/\/perlapelitdeluxe.com\/index.php\/wp-json\/wp\/v2\/comments?post=3493"}],"version-history":[{"count":17,"href":"https:\/\/perlapelitdeluxe.com\/index.php\/wp-json\/wp\/v2\/pages\/3493\/revisions"}],"predecessor-version":[{"id":5592,"href":"https:\/\/perlapelitdeluxe.com\/index.php\/wp-json\/wp\/v2\/pages\/3493\/revisions\/5592"}],"wp:attachment":[{"href":"https:\/\/perlapelitdeluxe.com\/index.php\/wp-json\/wp\/v2\/media?parent=3493"}],"curies":[{"name":"wp","href":"https:\/\/api.w.org\/{rel}","templated":true}]}}